{"id":745,"date":"2023-10-16T17:45:56","date_gmt":"2023-10-16T15:45:56","guid":{"rendered":"https:\/\/cms-stage.zdv.uni-mainz.de\/fb-all\/?page_id=745"},"modified":"2026-04-02T10:05:43","modified_gmt":"2026-04-02T08:05:43","slug":"impressum","status":"publish","type":"page","link":"https:\/\/logistik.bwl.uni-mainz.de\/de\/impressum\/","title":{"rendered":"Impressum"},"content":{"rendered":"<jgu-base-pageheader react-props=\"{\n    &quot;items&quot;: [\n        {\n            &quot;box&quot;: {\n                &quot;index&quot;: &quot;&quot;,\n                &quot;title&quot;: &quot;Impressum&quot;,\n                &quot;link&quot;: {\n                    &quot;url&quot;: &quot;&quot;,\n                    &quot;title&quot;: &quot;learn more&quot;\n                }\n            },\n            &quot;color&quot;: &quot;dark&quot;,\n            &quot;image&quot;: {\n                &quot;url&quot;: &quot;&quot;\n            },\n            &quot;imgCredit&quot;: &quot;&quot;,\n            &quot;useVideo&quot;: false,\n            &quot;video&quot;: false\n        }\n    ],\n    &quot;type&quot;: &quot;small&quot;,\n    &quot;align&quot;: &quot;full&quot;,\n    &quot;quicklinks&quot;: {\n        &quot;show&quot;: false,\n        &quot;selects&quot;: []\n    },\n    &quot;useBreadcrumb&quot;: false\n}\">\n<\/jgu-base-pageheader>\n\n<jgu-base-heading react-props=\"{\n    &quot;index&quot;: &quot;&lt;br&gt;&quot;,\n    &quot;tags&quot;: {\n        &quot;htmlTag&quot;: &quot;h2&quot;,\n        &quot;classTag&quot;: &quot;&quot;,\n        &quot;tag&quot;: &quot;h2&quot;\n    },\n    &quot;heading&quot;: &quot;Herausgeber&quot;,\n    &quot;textAlign&quot;: &quot;left&quot;,\n    &quot;anchor&quot;: &quot;&quot;,\n    &quot;color&quot;: &quot;red&quot;\n}\"><\/jgu-base-heading>\n\n\n\n<p class=\"has-big-font-size\">Johannes Gutenberg-Universit\u00e4t Mainz<br>Saarstr. 21<br>55122 Mainz<\/p>\n\n\n\n<p class=\"has-big-font-size\">Tel.: 06131 39-0<br>E-Mail: <a href=\"mailto:registratur@uni-mainz.de\" target=\"_blank\" rel=\"noreferrer noopener\">registratur@uni-mainz.de<\/a><\/p>\n\n\n\n<p class=\"has-big-font-size\">Umsatzsteuer-ID: DE 149 065 685<br>Die Johannes Gutenberg-Universit\u00e4t Mainz ist eine K\u00f6rperschaft des \u00f6ffentlichen Rechts. <br>Sie wird gesetzlich vertreten durch den Pr\u00e4sidenten, Prof. Dr. Georg Krausch.<\/p>\n\n\n<jgu-base-heading react-props=\"{\n    &quot;index&quot;: &quot;&lt;br&gt;&quot;,\n    &quot;tags&quot;: {\n        &quot;htmlTag&quot;: &quot;h2&quot;,\n        &quot;classTag&quot;: &quot;&quot;,\n        &quot;tag&quot;: &quot;h2&quot;\n    },\n    &quot;heading&quot;: &quot;Zust\\u00e4ndige Aufsichtsbeh\\u00f6rde&quot;,\n    &quot;textAlign&quot;: &quot;left&quot;,\n    &quot;anchor&quot;: &quot;&quot;,\n    &quot;color&quot;: &quot;red&quot;\n}\"><\/jgu-base-heading>\n\n\n\n<p class=\"has-big-font-size\">Ministerium f\u00fcr Wissenschaft und Gesundheit des Landes Rheinland-Pfalz<br>Mittlere Bleiche 61<br>55116 Mainz<\/p>\n\n\n<jgu-base-heading react-props=\"{\n    &quot;index&quot;: &quot;&lt;br&gt;&quot;,\n    &quot;tags&quot;: {\n        &quot;htmlTag&quot;: &quot;h2&quot;,\n        &quot;classTag&quot;: &quot;&quot;,\n        &quot;tag&quot;: &quot;h2&quot;\n    },\n    &quot;heading&quot;: &quot;Redaktion&quot;,\n    &quot;textAlign&quot;: &quot;left&quot;,\n    &quot;anchor&quot;: &quot;&quot;,\n    &quot;color&quot;: &quot;red&quot;\n}\"><\/jgu-base-heading>\n\n\n\n<p class=\"has-big-font-size\">Johannes Gutenberg-Universit\u00e4t Mainz<br>Lehrstuhl f\u00fcr BWL insb. Logistikmanagement<br>55099 Mainz<\/p>\n\n\n\n<p class=\"has-big-font-size\">E-Mail Office: frerk AT uni-mainz.de<br>Tel. <a href=\"tel:+49 6131 39 22003\">+49 6131 39 22003<\/a><\/p>\n\n\n<jgu-base-heading react-props=\"{\n    &quot;index&quot;: &quot;&lt;br&gt;&quot;,\n    &quot;tags&quot;: {\n        &quot;htmlTag&quot;: &quot;h2&quot;,\n        &quot;classTag&quot;: &quot;&quot;,\n        &quot;tag&quot;: &quot;h2&quot;\n    },\n    &quot;heading&quot;: &quot;Webmaster&quot;,\n    &quot;textAlign&quot;: &quot;left&quot;,\n    &quot;anchor&quot;: &quot;&quot;,\n    &quot;color&quot;: &quot;red&quot;\n}\"><\/jgu-base-heading>\n\n\n\n<p class=\"has-big-font-size\">Technische Fragen schicken Sie bitte an die&nbsp;Webmaster&nbsp;unter der Angabe der Webadresse, zu der Sie eine Frage haben. Hier erhalten Sie auch Hilfe im Fehlerfall.<br>E-Mail:  <a href=\"mailto:webmaster@uni-mainz.de\" target=\"_blank\" rel=\"noreferrer noopener\">webmaster@uni-mainz.de<\/a><\/p>\n\n\n<jgu-base-heading react-props=\"{\n    &quot;index&quot;: &quot;&lt;br&gt;&quot;,\n    &quot;tags&quot;: {\n        &quot;htmlTag&quot;: &quot;h2&quot;,\n        &quot;classTag&quot;: &quot;&quot;,\n        &quot;tag&quot;: &quot;h2&quot;\n    },\n    &quot;heading&quot;: &quot;Layout&quot;,\n    &quot;textAlign&quot;: &quot;left&quot;,\n    &quot;anchor&quot;: &quot;&quot;,\n    &quot;color&quot;: &quot;red&quot;\n}\"><\/jgu-base-heading>\n\n\n\n<p class=\"has-big-font-size\"><a href=\"https:\/\/www.360vier.de\/\" data-type=\"link\" data-id=\"https:\/\/www.360vier.de\/\" target=\"_blank\" rel=\"noreferrer noopener\">360VIER<\/a><\/p>\n\n\n<jgu-base-heading react-props=\"{\n    &quot;index&quot;: &quot;&lt;br&gt;&quot;,\n    &quot;tags&quot;: {\n        &quot;htmlTag&quot;: &quot;h2&quot;,\n        &quot;classTag&quot;: &quot;&quot;,\n        &quot;tag&quot;: &quot;h2&quot;\n    },\n    &quot;heading&quot;: &quot;Bildmaterial \\\/ Grafik&quot;,\n    &quot;textAlign&quot;: &quot;left&quot;,\n    &quot;anchor&quot;: &quot;&quot;,\n    &quot;color&quot;: &quot;red&quot;\n}\"><\/jgu-base-heading>\n\n\n\n<p class=\"has-big-font-size\">Eigenes Material<\/p>\n\n\n\n<p class=\"has-big-font-size\">Rebekka Weimer (Sch\u00f6nefu\u00df) \/\u00a0<a href=\"https:\/\/www.rebekka-schoenefuss.de\/index.php\/about\" target=\"_blank\" rel=\"noreferrer noopener\">Grafikdesignerin und Illustratorin<\/a><\/p>\n\n\n<jgu-base-heading react-props=\"{\n    &quot;index&quot;: &quot;&lt;br&gt;&quot;,\n    &quot;tags&quot;: {\n        &quot;htmlTag&quot;: &quot;h2&quot;,\n        &quot;classTag&quot;: &quot;&quot;,\n        &quot;tag&quot;: &quot;h2&quot;\n    },\n    &quot;heading&quot;: &quot;Verlinkung sozialer Netzwerke&quot;,\n    &quot;textAlign&quot;: &quot;left&quot;,\n    &quot;anchor&quot;: &quot;&quot;,\n    &quot;color&quot;: &quot;red&quot;\n}\"><\/jgu-base-heading>\n\n\n\n<p class=\"has-big-font-size\">Die zentralen Webseiten der JGU verzichten auf den Einsatz von sogenannten Social Plugins und folgen damit einer Empfehlung des Landesbeauftragten f\u00fcr den Datenschutz und die Informationsfreiheit Rheinland-Pfalz. Die Verlinkung zu sozialen Netzwerken erfolgt \u00fcber ein einfaches Bildelement und einen h\u00e4ndisch gesetzten Link. Diese Bild-Link-Elemente stellen keine direkte Verbindung zu sozialen Netzwerken her und geben entsprechend auch keinerlei personenbezogene Daten wie IP-Adressen weiter.<\/p>\n\n\n<jgu-base-heading react-props=\"{\n    &quot;index&quot;: &quot;&lt;br&gt;&quot;,\n    &quot;tags&quot;: {\n        &quot;htmlTag&quot;: &quot;h2&quot;,\n        &quot;classTag&quot;: &quot;&quot;,\n        &quot;tag&quot;: &quot;h2&quot;\n    },\n    &quot;heading&quot;: &quot;Barrierefreier Internetauftritt&quot;,\n    &quot;textAlign&quot;: &quot;left&quot;,\n    &quot;anchor&quot;: &quot;&quot;,\n    &quot;color&quot;: &quot;red&quot;\n}\"><\/jgu-base-heading>\n\n\n\n<p class=\"has-big-font-size\">Wir sind bem\u00fcht, unsere Webseiten m\u00f6glichst barrierefrei im Sinne der Verordnung zur Schaffung barrierefreier Informationstechnik nach dem Behindertengleichstellungsgesetz (BITV) zu halten. <a href=\"https:\/\/logistik.bwl.uni-mainz.de\/startseite\/barrierefreiheit\">Weitere Informationen finden Sie in der&nbsp;Erkl\u00e4rung der JGU zur Barrierefreiheit.<\/a><\/p>\n\n\n<jgu-base-heading react-props=\"{\n    &quot;index&quot;: &quot;&lt;br&gt;&quot;,\n    &quot;tags&quot;: {\n        &quot;htmlTag&quot;: &quot;h2&quot;,\n        &quot;classTag&quot;: &quot;&quot;,\n        &quot;tag&quot;: &quot;h2&quot;\n    },\n    &quot;heading&quot;: &quot;Urheberrecht&quot;,\n    &quot;textAlign&quot;: &quot;left&quot;,\n    &quot;anchor&quot;: &quot;&quot;,\n    &quot;color&quot;: &quot;red&quot;\n}\"><\/jgu-base-heading>\n\n\n\n<p class=\"has-big-font-size\"><em>Copyright (c) 2023, Johannes Gutenberg-Universit\u00e4t Mainz. Alle Rechte vorbehalten.<\/em><\/p>\n\n\n\n<p class=\"has-big-font-size\">Alle Inhalte der Internetpr\u00e4senz der Johannes Gutenberg-Universit\u00e4t Mainz sind urheberrechtlich gesch\u00fctzt. F\u00fcr die Vervielf\u00e4ltigung, Bearbeitung, \u00dcbersetzung, Einspeicherung, Verarbeitung und\/oder Wiedergabe von Inhalten in Datenbanken oder anderen elektronischen Medien und Systemen muss die Zustimmung des Urhebers eingeholt werden. Wir erlauben das Fotokopieren und Herunterladen unserer Internetseiten f\u00fcr private, wissenschaftliche und nicht kommerzielle Zwecke. Die Johannes Gutenberg-Universit\u00e4t Mainz ahndet Verletzungen ihrer Urheberrechte.<\/p>\n\n\n\n<p class=\"has-big-font-size\">Wir gestatten ausdr\u00fccklich Zitate unserer Dokumente und Internetseiten und freuen uns, wenn Sie auf unsere Seiten verlinken.<\/p>\n\n\n<jgu-base-heading react-props=\"{\n    &quot;index&quot;: &quot;&lt;br&gt;&quot;,\n    &quot;tags&quot;: {\n        &quot;htmlTag&quot;: &quot;h2&quot;,\n        &quot;classTag&quot;: &quot;&quot;,\n        &quot;tag&quot;: &quot;h2&quot;\n    },\n    &quot;heading&quot;: &quot;Haftung \\\/ Disclaimer&quot;,\n    &quot;textAlign&quot;: &quot;left&quot;,\n    &quot;anchor&quot;: &quot;&quot;,\n    &quot;color&quot;: &quot;red&quot;\n}\"><\/jgu-base-heading>\n\n\n\n<p class=\"has-big-font-size\">Die Johannes Gutenberg-Universit\u00e4t Mainz versucht, die Richtigkeit und Aktualit\u00e4t der auf dieser Internetpr\u00e4senz bereitgestellten Informationen zu gew\u00e4hrleisten. Trotzdem k\u00f6nnen Fehler und Unklarheiten nicht vollst\u00e4ndig ausgeschlossen werden. Die Johannes Gutenberg-Universit\u00e4t Mainz \u00fcbernimmt daher keine Gew\u00e4hr f\u00fcr die Aktualit\u00e4t, Richtigkeit, Vollst\u00e4ndigkeit oder Qualit\u00e4t der ver\u00f6ffentlichten Informationen.<\/p>\n\n\n\n<p class=\"has-big-font-size\">F\u00fcr Sch\u00e4den materieller oder immaterieller Art, die durch die Nutzung oder Nichtnutzung der dargebotenen Informationen unmittelbar oder mittelbar verursacht werden, haftet die Johannes Gutenberg-Universit\u00e4t Mainz nicht, sofern ihr nicht vors\u00e4tzliches oder grob fahrl\u00e4ssiges Verschulden angelastet werden kann.<\/p>\n\n\n\n<p class=\"has-big-font-size\">Die Johannes Gutenberg-Universit\u00e4t Mainz beh\u00e4lt es sich vor, Teile des Internet-Angebots oder das gesamte Angebot ohne Vorank\u00fcndigung zu ver\u00e4ndern, zu erg\u00e4nzen, zu l\u00f6schen oder die Ver\u00f6ffentlichung zeitweise oder endg\u00fcltig aus dem Internet zu entfernen.<\/p>\n\n\n\n<p class=\"has-big-font-size\">Das Angebot der Johannes Gutenberg-Universit\u00e4t Mainz enth\u00e4lt direkte oder indirekte Verkn\u00fcpfungen bzw. Verlinkungen zu externen Webseiten Dritter, auf deren Inhalte die Johannes Gutenberg-Universit\u00e4t Mainz keinen Einfluss hat. Die Verantwortlichkeit f\u00fcr diese fremden Inhalte liegt bei der\/dem jeweiligen Anbieter*in oder Betreiber*in der Webseiten. Die Johannes Gutenberg-Universit\u00e4t Mainz hat keine Kenntnis \u00fcber rechtswidrige oder anst\u00f6\u00dfige Inhalte auf den mit ihrer Internetpr\u00e4senz verbundenen Webseiten fremder Anbieter. Zum Zeitpunkt der jeweiligen Verlinkung dieser Webseiten wurde eine \u00dcberpr\u00fcfung auf m\u00f6gliche Rechtsverst\u00f6\u00dfe vorgenommen, wobei in diesem Zusammenhang keine rechtswidrigen oder anst\u00f6\u00dfigen Inhalte erkennbar waren. Sollten auf den verlinkten Seiten fremder Anbieter rechtswidrige oder anst\u00f6\u00dfige Inhalte enthalten sein, distanziert sich die Johannes Gutenberg-Universit\u00e4t Mainz ausdr\u00fccklich von diesen Inhalten und wird die jeweilige Verlinkung bei Bekanntwerden unverz\u00fcglich entfernen.<\/p>\n\n\n\n<div style=\"height:90px\" aria-hidden=\"true\" class=\"wp-block-spacer\"><\/div>\n\n\n\n<p class=\"has-big-font-size\"><\/p>\n    <div style=\"display: none\">\n        \n    <\/div>","protected":false},"excerpt":{"rendered":"<p>Johannes Gutenberg-Universit\u00e4t MainzSaarstr. 2155122 Mainz Tel.: 06131 39-0E-Mail: registratur@uni-mainz.de Umsatzsteuer-ID: DE 149 065 685Die Johannes Gutenberg-Universit\u00e4t Mainz ist eine K\u00f6rperschaft des \u00f6ffentlichen Rechts. Sie wird gesetzlich vertreten durch den Pr\u00e4sidenten, Prof. Dr. Georg Krausch. Ministerium f\u00fcr Wissenschaft und Gesundheit des Landes Rheinland-PfalzMittlere Bleiche 6155116 Mainz Johannes Gutenberg-Universit\u00e4t MainzLehrstuhl f\u00fcr BWL insb. Logistikmanagement55099 Mainz E-Mail Office: &hellip; <a href=\"https:\/\/logistik.bwl.uni-mainz.de\/de\/impressum\/\">Weiter lesen<\/a><\/p>\n","protected":false},"author":1,"featured_media":0,"parent":0,"menu_order":0,"comment_status":"closed","ping_status":"closed","template":"","meta":{"footnotes":""},"categories":[],"tags":[],"class_list":["post-745","page","type-page","status-publish","hentry"],"content_raw":"<!-- wp:jgu\/pageheader {\"items\":[{\"box\":{\"index\":\"\",\"title\":\"Impressum\",\"link\":{\"url\":\"\",\"title\":\"learn more\"}},\"color\":\"dark\",\"image\":{\"url\":\"\"},\"imgCredit\":\"\",\"useVideo\":false,\"video\":false}],\"type\":\"small\"} \/-->\n\n<!-- wp:jgu\/heading {\"index\":\"\\u003cbr\\u003e\",\"tags\":{\"htmlTag\":\"h2\",\"classTag\":\"\",\"tag\":\"h2\"},\"heading\":\"Herausgeber\"} \/-->\n\n<!-- wp:paragraph {\"className\":\"has-big-font-size\"} -->\n<p class=\"has-big-font-size\">Johannes Gutenberg-Universit\u00e4t Mainz<br>Saarstr. 21<br>55122 Mainz<\/p>\n<!-- \/wp:paragraph -->\n\n<!-- wp:paragraph {\"className\":\"has-big-font-size\"} -->\n<p class=\"has-big-font-size\">Tel.: 06131 39-0<br>E-Mail: <a href=\"mailto:registratur@uni-mainz.de\" target=\"_blank\" rel=\"noreferrer noopener\">registratur@uni-mainz.de<\/a><\/p>\n<!-- \/wp:paragraph -->\n\n<!-- wp:paragraph {\"className\":\"has-big-font-size\"} -->\n<p class=\"has-big-font-size\">Umsatzsteuer-ID: DE 149 065 685<br>Die Johannes Gutenberg-Universit\u00e4t Mainz ist eine K\u00f6rperschaft des \u00f6ffentlichen Rechts. <br>Sie wird gesetzlich vertreten durch den Pr\u00e4sidenten, Prof. Dr. Georg Krausch.<\/p>\n<!-- \/wp:paragraph -->\n\n<!-- wp:jgu\/heading {\"index\":\"\\u003cbr\\u003e\",\"tags\":{\"htmlTag\":\"h2\",\"classTag\":\"\",\"tag\":\"h2\"},\"heading\":\"Zust\u00e4ndige Aufsichtsbeh\u00f6rde\"} \/-->\n\n<!-- wp:paragraph {\"className\":\"has-big-font-size\"} -->\n<p class=\"has-big-font-size\">Ministerium f\u00fcr Wissenschaft und Gesundheit des Landes Rheinland-Pfalz<br>Mittlere Bleiche 61<br>55116 Mainz<\/p>\n<!-- \/wp:paragraph -->\n\n<!-- wp:jgu\/heading {\"index\":\"\\u003cbr\\u003e\",\"tags\":{\"htmlTag\":\"h2\",\"classTag\":\"\",\"tag\":\"h2\"},\"heading\":\"Redaktion\"} \/-->\n\n<!-- wp:paragraph -->\n<p class=\"has-big-font-size\">Johannes Gutenberg-Universit\u00e4t Mainz<br>Lehrstuhl f\u00fcr BWL insb. Logistikmanagement<br>55099 Mainz<\/p>\n<!-- \/wp:paragraph -->\n\n<!-- wp:paragraph {\"className\":\"has-big-font-size\"} -->\n<p class=\"has-big-font-size\">E-Mail Office: frerk AT uni-mainz.de<br>Tel. <a href=\"tel:+49 6131 39 22003\">+49 6131 39 22003<\/a><\/p>\n<!-- \/wp:paragraph -->\n\n<!-- wp:jgu\/heading {\"index\":\"\\u003cbr\\u003e\",\"tags\":{\"htmlTag\":\"h2\",\"classTag\":\"\",\"tag\":\"h2\"},\"heading\":\"Webmaster\"} \/-->\n\n<!-- wp:paragraph {\"className\":\"has-big-font-size\"} -->\n<p class=\"has-big-font-size\">Technische Fragen schicken Sie bitte an die&nbsp;Webmaster&nbsp;unter der Angabe der Webadresse, zu der Sie eine Frage haben. Hier erhalten Sie auch Hilfe im Fehlerfall.<br>E-Mail:  <a href=\"mailto:webmaster@uni-mainz.de\" target=\"_blank\" rel=\"noreferrer noopener\">webmaster@uni-mainz.de<\/a><\/p>\n<!-- \/wp:paragraph -->\n\n<!-- wp:jgu\/heading {\"index\":\"\\u003cbr\\u003e\",\"tags\":{\"htmlTag\":\"h2\",\"classTag\":\"\",\"tag\":\"h2\"},\"heading\":\"Layout\"} \/-->\n\n<!-- wp:paragraph {\"className\":\"has-big-font-size\"} -->\n<p class=\"has-big-font-size\"><a href=\"https:\/\/www.360vier.de\/\" data-type=\"link\" data-id=\"https:\/\/www.360vier.de\/\" target=\"_blank\" rel=\"noreferrer noopener\">360VIER<\/a><\/p>\n<!-- \/wp:paragraph -->\n\n<!-- wp:jgu\/heading {\"index\":\"\\u003cbr\\u003e\",\"tags\":{\"htmlTag\":\"h2\",\"classTag\":\"\",\"tag\":\"h2\"},\"heading\":\"Bildmaterial \/ Grafik\"} \/-->\n\n<!-- wp:paragraph -->\n<p class=\"has-big-font-size\">Eigenes Material<\/p>\n<!-- \/wp:paragraph -->\n\n<!-- wp:paragraph {\"className\":\"has-big-font-size\"} -->\n<p class=\"has-big-font-size\">Rebekka Weimer (Sch\u00f6nefu\u00df) \/\u00a0<a href=\"https:\/\/www.rebekka-schoenefuss.de\/index.php\/about\" target=\"_blank\" rel=\"noreferrer noopener\">Grafikdesignerin und Illustratorin<\/a><\/p>\n<!-- \/wp:paragraph -->\n\n<!-- wp:jgu\/heading {\"index\":\"\\u003cbr\\u003e\",\"tags\":{\"htmlTag\":\"h2\",\"classTag\":\"\",\"tag\":\"h2\"},\"heading\":\"Verlinkung sozialer Netzwerke\"} \/-->\n\n<!-- wp:paragraph {\"className\":\"has-big-font-size\"} -->\n<p class=\"has-big-font-size\">Die zentralen Webseiten der JGU verzichten auf den Einsatz von sogenannten Social Plugins und folgen damit einer Empfehlung des Landesbeauftragten f\u00fcr den Datenschutz und die Informationsfreiheit Rheinland-Pfalz. Die Verlinkung zu sozialen Netzwerken erfolgt \u00fcber ein einfaches Bildelement und einen h\u00e4ndisch gesetzten Link. Diese Bild-Link-Elemente stellen keine direkte Verbindung zu sozialen Netzwerken her und geben entsprechend auch keinerlei personenbezogene Daten wie IP-Adressen weiter.<\/p>\n<!-- \/wp:paragraph -->\n\n<!-- wp:jgu\/heading {\"index\":\"\\u003cbr\\u003e\",\"tags\":{\"htmlTag\":\"h2\",\"classTag\":\"\",\"tag\":\"h2\"},\"heading\":\"Barrierefreier Internetauftritt\"} \/-->\n\n<!-- wp:paragraph {\"className\":\"has-big-font-size\"} -->\n<p class=\"has-big-font-size\">Wir sind bem\u00fcht, unsere Webseiten m\u00f6glichst barrierefrei im Sinne der Verordnung zur Schaffung barrierefreier Informationstechnik nach dem Behindertengleichstellungsgesetz (BITV) zu halten. <a href=\"https:\/\/cms.zdv.uni-mainz.de\/fb03-logistikmanagement\/startseite\/barrierefreiheit\">Weitere Informationen finden Sie in der&nbsp;Erkl\u00e4rung der JGU zur Barrierefreiheit.<\/a><\/p>\n<!-- \/wp:paragraph -->\n\n<!-- wp:jgu\/heading {\"index\":\"\\u003cbr\\u003e\",\"tags\":{\"htmlTag\":\"h2\",\"classTag\":\"\",\"tag\":\"h2\"},\"heading\":\"Urheberrecht\"} \/-->\n\n<!-- wp:paragraph {\"className\":\"has-big-font-size\"} -->\n<p class=\"has-big-font-size\"><em>Copyright (c) 2023, Johannes Gutenberg-Universit\u00e4t Mainz. Alle Rechte vorbehalten.<\/em><\/p>\n<!-- \/wp:paragraph -->\n\n<!-- wp:paragraph {\"className\":\"has-big-font-size\"} -->\n<p class=\"has-big-font-size\">Alle Inhalte der Internetpr\u00e4senz der Johannes Gutenberg-Universit\u00e4t Mainz sind urheberrechtlich gesch\u00fctzt. F\u00fcr die Vervielf\u00e4ltigung, Bearbeitung, \u00dcbersetzung, Einspeicherung, Verarbeitung und\/oder Wiedergabe von Inhalten in Datenbanken oder anderen elektronischen Medien und Systemen muss die Zustimmung des Urhebers eingeholt werden. Wir erlauben das Fotokopieren und Herunterladen unserer Internetseiten f\u00fcr private, wissenschaftliche und nicht kommerzielle Zwecke. Die Johannes Gutenberg-Universit\u00e4t Mainz ahndet Verletzungen ihrer Urheberrechte.<\/p>\n<!-- \/wp:paragraph -->\n\n<!-- wp:paragraph {\"className\":\"has-big-font-size\"} -->\n<p class=\"has-big-font-size\">Wir gestatten ausdr\u00fccklich Zitate unserer Dokumente und Internetseiten und freuen uns, wenn Sie auf unsere Seiten verlinken.<\/p>\n<!-- \/wp:paragraph -->\n\n<!-- wp:jgu\/heading {\"index\":\"\\u003cbr\\u003e\",\"tags\":{\"htmlTag\":\"h2\",\"classTag\":\"\",\"tag\":\"h2\"},\"heading\":\"Haftung \/ Disclaimer\"} \/-->\n\n<!-- wp:paragraph {\"className\":\"has-big-font-size\"} -->\n<p class=\"has-big-font-size\">Die Johannes Gutenberg-Universit\u00e4t Mainz versucht, die Richtigkeit und Aktualit\u00e4t der auf dieser Internetpr\u00e4senz bereitgestellten Informationen zu gew\u00e4hrleisten. Trotzdem k\u00f6nnen Fehler und Unklarheiten nicht vollst\u00e4ndig ausgeschlossen werden. Die Johannes Gutenberg-Universit\u00e4t Mainz \u00fcbernimmt daher keine Gew\u00e4hr f\u00fcr die Aktualit\u00e4t, Richtigkeit, Vollst\u00e4ndigkeit oder Qualit\u00e4t der ver\u00f6ffentlichten Informationen.<\/p>\n<!-- \/wp:paragraph -->\n\n<!-- wp:paragraph {\"className\":\"has-big-font-size\"} -->\n<p class=\"has-big-font-size\">F\u00fcr Sch\u00e4den materieller oder immaterieller Art, die durch die Nutzung oder Nichtnutzung der dargebotenen Informationen unmittelbar oder mittelbar verursacht werden, haftet die Johannes Gutenberg-Universit\u00e4t Mainz nicht, sofern ihr nicht vors\u00e4tzliches oder grob fahrl\u00e4ssiges Verschulden angelastet werden kann.<\/p>\n<!-- \/wp:paragraph -->\n\n<!-- wp:paragraph {\"className\":\"has-big-font-size\"} -->\n<p class=\"has-big-font-size\">Die Johannes Gutenberg-Universit\u00e4t Mainz beh\u00e4lt es sich vor, Teile des Internet-Angebots oder das gesamte Angebot ohne Vorank\u00fcndigung zu ver\u00e4ndern, zu erg\u00e4nzen, zu l\u00f6schen oder die Ver\u00f6ffentlichung zeitweise oder endg\u00fcltig aus dem Internet zu entfernen.<\/p>\n<!-- \/wp:paragraph -->\n\n<!-- wp:paragraph {\"className\":\"has-big-font-size\"} -->\n<p class=\"has-big-font-size\">Das Angebot der Johannes Gutenberg-Universit\u00e4t Mainz enth\u00e4lt direkte oder indirekte Verkn\u00fcpfungen bzw. Verlinkungen zu externen Webseiten Dritter, auf deren Inhalte die Johannes Gutenberg-Universit\u00e4t Mainz keinen Einfluss hat. Die Verantwortlichkeit f\u00fcr diese fremden Inhalte liegt bei der\/dem jeweiligen Anbieter*in oder Betreiber*in der Webseiten. Die Johannes Gutenberg-Universit\u00e4t Mainz hat keine Kenntnis \u00fcber rechtswidrige oder anst\u00f6\u00dfige Inhalte auf den mit ihrer Internetpr\u00e4senz verbundenen Webseiten fremder Anbieter. Zum Zeitpunkt der jeweiligen Verlinkung dieser Webseiten wurde eine \u00dcberpr\u00fcfung auf m\u00f6gliche Rechtsverst\u00f6\u00dfe vorgenommen, wobei in diesem Zusammenhang keine rechtswidrigen oder anst\u00f6\u00dfigen Inhalte erkennbar waren. Sollten auf den verlinkten Seiten fremder Anbieter rechtswidrige oder anst\u00f6\u00dfige Inhalte enthalten sein, distanziert sich die Johannes Gutenberg-Universit\u00e4t Mainz ausdr\u00fccklich von diesen Inhalten und wird die jeweilige Verlinkung bei Bekanntwerden unverz\u00fcglich entfernen.<\/p>\n<!-- \/wp:paragraph -->\n\n<!-- wp:spacer -->\n<div style=\"height:90px\" aria-hidden=\"true\" class=\"wp-block-spacer\"><\/div>\n<!-- \/wp:spacer -->\n\n<!-- wp:paragraph -->\n<p class=\"has-big-font-size\"><\/p>\n<!-- \/wp:paragraph -->","_links":{"self":[{"href":"https:\/\/logistik.bwl.uni-mainz.de\/de\/wp-json\/wp\/v2\/pages\/745","targetHints":{"allow":["GET"]}}],"collection":[{"href":"https:\/\/logistik.bwl.uni-mainz.de\/de\/wp-json\/wp\/v2\/pages"}],"about":[{"href":"https:\/\/logistik.bwl.uni-mainz.de\/de\/wp-json\/wp\/v2\/types\/page"}],"author":[{"embeddable":true,"href":"https:\/\/logistik.bwl.uni-mainz.de\/de\/wp-json\/wp\/v2\/users\/1"}],"replies":[{"embeddable":true,"href":"https:\/\/logistik.bwl.uni-mainz.de\/de\/wp-json\/wp\/v2\/comments?post=745"}],"version-history":[{"count":4,"href":"https:\/\/logistik.bwl.uni-mainz.de\/de\/wp-json\/wp\/v2\/pages\/745\/revisions"}],"predecessor-version":[{"id":11536,"href":"https:\/\/logistik.bwl.uni-mainz.de\/de\/wp-json\/wp\/v2\/pages\/745\/revisions\/11536"}],"wp:attachment":[{"href":"https:\/\/logistik.bwl.uni-mainz.de\/de\/wp-json\/wp\/v2\/media?parent=745"}],"wp:term":[{"taxonomy":"category","embeddable":true,"href":"https:\/\/logistik.bwl.uni-mainz.de\/de\/wp-json\/wp\/v2\/categories?post=745"},{"taxonomy":"post_tag","embeddable":true,"href":"https:\/\/logistik.bwl.uni-mainz.de\/de\/wp-json\/wp\/v2\/tags?post=745"}],"curies":[{"name":"wp","href":"https:\/\/api.w.org\/{rel}","templated":true}]}}